{"id":5402,"date":"2019-01-25T15:27:45","date_gmt":"2019-01-25T14:27:45","guid":{"rendered":"http:\/\/garagesolidairedouaisis.fr\/?page_id=5402"},"modified":"2019-01-25T15:27:58","modified_gmt":"2019-01-25T14:27:58","slug":"le-mot-du-president","status":"publish","type":"page","link":"http:\/\/garagesolidairedouaisis.fr\/?page_id=5402","title":{"rendered":"Le mot du Pr\u00e9sident."},"content":{"rendered":"<p>[et_pb_section fb_built=\u00a0\u00bb1&Prime; _builder_version=\u00a0\u00bb3.19.9&Prime;][et_pb_row use_custom_width=\u00a0\u00bbon\u00a0\u00bb custom_width_px=\u00a0\u00bb1820px\u00a0\u00bb _builder_version=\u00a0\u00bb3.19.9&Prime;][et_pb_column type=\u00a0\u00bb4_4&Prime; _builder_version=\u00a0\u00bb3.19.9&Prime; parallax=\u00a0\u00bboff\u00a0\u00bb parallax_method=\u00a0\u00bbon\u00a0\u00bb][et_pb_blurb content_max_width=\u00a0\u00bb1100px\u00a0\u00bb title=\u00a0\u00bbLe mot du Pr\u00e9sident.\u00a0\u00bb image=\u00a0\u00bbhttp:\/\/garagesolidairedouaisis.fr\/wp-content\/uploads\/2019\/01\/david-wesmael-1.jpg\u00a0\u00bb _builder_version=\u00a0\u00bb3.19.9&Prime;]<\/p>\n<p>Pr\u00e9sident d\u2019une association de services \u00e0 la personne, chaque ann\u00e9e, il est constat\u00e9 que la mobilit\u00e9 est un handicap tant pour le recrutement que pour assurer un contrat. De m\u00eame, si le salari\u00e9 dispose d\u2019un v\u00e9hicule, son co\u00fbt d\u2019entretien comme son co\u00fbt achat est pour la quasi-totalit\u00e9, \u00a0source d\u2019une difficult\u00e9 financi\u00e8re. C&rsquo;est ainsi que les d\u00e9lais pour les vidanges et les r\u00e9parations urgentes se prolongent et accentuent les pannes \u00e0 r\u00e9p\u00e9tition p\u00e9nalisant le ou la salari\u00e9e avec ce probl\u00e8me de mobilit\u00e9.<span class=\"Apple-converted-space\">\u00a0<\/span><\/p>\n<p><span class=\"Apple-converted-space\">\u00a0<\/span>Le constat est permanent\u00a0: la mobilit\u00e9 est essentielle. C&rsquo;est ainsi qu\u2019avec quelques b\u00e9n\u00e9voles est n\u00e9 le souhait de cr\u00e9er pour le douaisis ce garage solidaire ( cl\u00e9 de la mobilit\u00e9).<span class=\"Apple-converted-space\">\u00a0<\/span><\/p>\n<p><b><i>Mettre, remettre, soutenir le maintien \u00e0 l&#8217;emploi voil\u00e0 le but rechercher dans cette cr\u00e9ation d&rsquo;association focalis\u00e9e sur la mobilit\u00e9 \u00e0 l&#8217;emploi. <\/i><\/b><span>\u00a0<\/span><\/p>\n<p>&nbsp;<\/p>\n<p><span class=\"Apple-converted-space\">\u00a0 \u00a0 \u00a0 \u00a0 \u00a0 \u00a0 \u00a0 \u00a0 \u00a0 \u00a0 \u00a0 \u00a0 \u00a0 \u00a0 \u00a0 \u00a0 \u00a0 <\/span>&#8212;&#8212;&#8212;&#8212;&#8212;&#8212;&#8212;&#8212;&#8212;&#8212;&#8212;&#8212;&#8212;&#8212;&#8212;&#8212;&#8212;&#8212;&#8212;&#8212;&#8212;<\/p>\n<p>&nbsp;<\/p>\n<p>Dans le douaisis, 37% de la population non scolaris\u00e9e de 15 ans au plus est non dipl\u00f4m\u00e9\u00a0\u00bb ( 32% en France).<span class=\"Apple-converted-space\">\u00a0<\/span><\/p>\n<p>11% de la population r\u00e9gionale\u00a0 \u00e2g\u00e9e de 16 \u00e0 65 ans et ayant \u00e9t\u00e9 scolaris\u00e9 en France est en situation d\u2019illettrisme (7% en France m\u00e9tropolitaine).<span class=\"Apple-converted-space\">\u00a0<\/span><\/p>\n<p>Plus de la moiti\u00e9 des personnes en situation d\u2019illettrisme ont plus de 45 ans et pour celle femme et surtout\u00a0 maman, chef de famille, c\u2019est bien\u00a0 souvent \u00a0la p\u00e9riode de leur vie ou la mobilit\u00e9 est n\u00e9cessaire pour pouvoir reprendre un travail.<span class=\"Apple-converted-space\">\u00a0<\/span><\/p>\n<p>13% sont\u00a0 \u00e2g\u00e9s de 16 \u00e0 25 ans (12% en France m\u00e9tropolitaine).<span class=\"Apple-converted-space\">\u00a0<\/span><\/p>\n<p>Toujours dans notre r\u00e9gion des Hauts de France, 58,6% de la population \u00e2g\u00e9e de 15 \u00e0 64 ans est en emploi (63,7% en France).<span class=\"Apple-converted-space\">\u00a0<\/span><\/p>\n<p>Le taux d\u2019emploi des femmes de 15 \u00e0 64 est particuli\u00e8rement faible en r\u00e9gion (54,1% contre 60,4 en France).<span class=\"Apple-converted-space\">\u00a0<\/span><\/p>\n<p>Le manque de mobilit\u00e9 des jeunes de la r\u00e9gion nuit \u00e0 la diversit\u00e9 , \u00e0 la continuit\u00e9 mais aussi \u00e0 la s\u00e9curisation de leur parcours de formation.<span class=\"Apple-converted-space\">\u00a0<\/span><\/p>\n<p>29% des jeunes non scolaris\u00e9s de 15 \u00e0 24 ans n\u2019ont aucun dipl\u00f4me ( 25% en France)<\/p>\n<p>&nbsp;<\/p>\n<p><b><span class=\"Apple-converted-space\">\u00a0<\/span>Dipl\u00f4me et mobilit\u00e9 sont et restent un rempart contre le ch\u00f4mage. \u00a0\u00a0<\/b><\/p>\n<p><span>L<\/span><i>a communaut\u00e9 d\u2019agglom\u00e9ration du douaisis compte 35 communes pour une population\u00a0 totale de 158\u00a0000 habitants.<span class=\"Apple-converted-space\">\u00a0<\/span><\/i><\/p>\n<p>&nbsp;<\/p>\n<p>Le taux de ch\u00f4mage y est sup\u00e9rieur \u00e0 15% et le taux de pauvret\u00e9 \u00e0 plus de 20%.<span class=\"Apple-converted-space\">\u00a0<\/span><\/p>\n<p>Le secteur de l\u2019automobile notamment avec Renault et ses \u00e9quipementiers du douaisis sont\u00a0 les principaux\u00a0 employeurs de l\u2019agglom\u00e9ration tout comme le site logistique de Lauwin Planque regroupant entre autres Amazon, Kiabi\u2026 Les CDI sont peu fr\u00e9quents, les CDD de 6, 12 et 18 mois y sont plus courant tout comme les emplois par int\u00e9rim.<span class=\"Apple-converted-space\">\u00a0<\/span><\/p>\n<p>Autre bassin d\u2019emploi important du Douaisis, les services \u00e0 la personne\u00a0 et principalement pour les communes rurales.<\/p>\n<p>&nbsp;<\/p>\n<p>Depuis<span class=\"Apple-converted-space\">\u00a0 <\/span>2015, la Communaut\u00e9 d&rsquo;Agglom\u00e9ration du Douaisis compte 6 communes en g\u00e9ographie prioritaire : Auby, Douai, Flers en Escrebieux, Roost Warendin, Sin le Noble et Waziers.<span class=\"Apple-converted-space\">\u00a0<\/span><\/p>\n<p>De plus, la ville de Cuincy a \u00e9t\u00e9 annex\u00e9e au Contrat de Ville de la CAD en 2016, puisqu\u2019un p\u00e9rim\u00e8tre jouxtant le quartier de Faubourg de B\u00e9thune d\u00e9pend de cette commune.<span class=\"Apple-converted-space\">\u00a0<\/span><\/p>\n<p>Le Douaisis souffre d\u2019un niveau de ch\u00f4mage particuli\u00e8rement \u00e9lev\u00e9, structurellement plus marqu\u00e9, de plus longue dur\u00e9e et touchant davantage les jeunes qu\u2019au niveau national.<span class=\"Apple-converted-space\">\u00a0<\/span><\/p>\n<p><span>\u00a0\u00a0\u00a0 <\/span>Dans ce contexte tr\u00e8s marqu\u00e9, le lien entre niveau de qualification et niveau de ch\u00f4mage est \u00e9tabli de multiples mani\u00e8res \u00e0 tous les \u00e2ges de la vie. Il est donc primordial d\u2019aider les demandeurs d\u2019emploi jeunes de courte et particuli\u00e8rement de longue dur\u00e9e, jeunes de plus de 26 ans et les personnes relevant des minimas sociaux.<span class=\"Apple-converted-space\">\u00a0<\/span><\/p>\n<p><b>CONCLUSION<span class=\"Apple-converted-space\">\u00a0<\/span><\/b><\/p>\n<p>Le garage solidaire se veut une structure de lutte contre les freins \u00e0 la mobilit\u00e9 <b>en soutenant l&#8217;emploi, le retour \u00e0 l&#8217;emploi et le maintien \u00e0 l&#8217;emploi<\/b>. .<span class=\"Apple-converted-space\">\u00a0<\/span><\/p>\n<p>Ce projet de d\u00e9veloppement local contribue en partie au traitement des in\u00e9galit\u00e9s sociales et \u00e0 la probl\u00e9matique du ch\u00f4mage\u00a0 et ce en facilitant la mobilit\u00e9 de tous\u00a0: En proposant des services qui permettent aux demandeurs d\u2019emploi,\u00a0 aux personnes b\u00e9n\u00e9ficiant des minimas sociaux ou percevant de faibles revenus de disposer d&rsquo;un v\u00e9hicule ou d&rsquo;un engin motoris\u00e9 fiable \u00e0 un co\u00fbt accessible et ainsi, permettre l\u2019acc\u00e8s \u00e0 l&#8217;emploi, \u00e0 la formation, aux soins et plus globalement faciliter le quotidien.<span class=\"Apple-converted-space\">\u00a0<\/span><\/p>\n<p>&nbsp;<\/p>\n<p>&nbsp;<\/p>\n<p>[\/et_pb_blurb][\/et_pb_column][\/et_pb_row][\/et_pb_section]<\/p>\n","protected":false},"excerpt":{"rendered":"<p>Pr\u00e9sident d\u2019une association de services \u00e0 la personne, chaque ann\u00e9e, il est constat\u00e9 que la mobilit\u00e9 est un handicap tant pour le recrutement que pour assurer un contrat. De m\u00eame, si le salari\u00e9 dispose d\u2019un v\u00e9hicule, son co\u00fbt d\u2019entretien comme son co\u00fbt achat est pour la quasi-totalit\u00e9, \u00a0source d\u2019une difficult\u00e9 financi\u00e8re. C&rsquo;est ainsi que les [&hellip;]<\/p>\n","protected":false},"author":1,"featured_media":0,"parent":0,"menu_order":0,"comment_status":"closed","ping_status":"closed","template":"","meta":{"_et_pb_use_builder":"on","_et_pb_old_content":"","_et_gb_content_width":"","footnotes":""},"class_list":["post-5402","page","type-page","status-publish","hentry"],"_links":{"self":[{"href":"http:\/\/garagesolidairedouaisis.fr\/index.php?rest_route=\/wp\/v2\/pages\/5402"}],"collection":[{"href":"http:\/\/garagesolidairedouaisis.fr\/index.php?rest_route=\/wp\/v2\/pages"}],"about":[{"href":"http:\/\/garagesolidairedouaisis.fr\/index.php?rest_route=\/wp\/v2\/types\/page"}],"author":[{"embeddable":true,"href":"http:\/\/garagesolidairedouaisis.fr\/index.php?rest_route=\/wp\/v2\/users\/1"}],"replies":[{"embeddable":true,"href":"http:\/\/garagesolidairedouaisis.fr\/index.php?rest_route=%2Fwp%2Fv2%2Fcomments&post=5402"}],"version-history":[{"count":2,"href":"http:\/\/garagesolidairedouaisis.fr\/index.php?rest_route=\/wp\/v2\/pages\/5402\/revisions"}],"predecessor-version":[{"id":5405,"href":"http:\/\/garagesolidairedouaisis.fr\/index.php?rest_route=\/wp\/v2\/pages\/5402\/revisions\/5405"}],"wp:attachment":[{"href":"http:\/\/garagesolidairedouaisis.fr\/index.php?rest_route=%2Fwp%2Fv2%2Fmedia&parent=5402"}],"curies":[{"name":"wp","href":"https:\/\/api.w.org\/{rel}","templated":true}]}}